{"id":16,"date":"2017-08-04T10:47:26","date_gmt":"2017-08-04T16:47:26","guid":{"rendered":"http:\/\/montables.com.mx\/blog\/?page_id=16"},"modified":"2017-08-04T10:51:00","modified_gmt":"2017-08-04T16:51:00","slug":"empresa","status":"publish","type":"page","link":"https:\/\/montables.com.mx\/blog\/empresa\/","title":{"rendered":"Empresa"},"content":{"rendered":"<div class=\"about-page\">\n<div class=\"extra-wrap\">\n<p class=\"ecxMsoNormal\" style=\"text-align: justify;\"><span lang=\"ES\"><a href=\"https:\/\/www.montables.com.mx\/index.php?route=common\/home\">LeoDy Mex<\/a> es una empresa fundada hace poco m\u00e1s de 23 a\u00f1os siendo una de las empresas fabricantes de Montables m\u00e1s importantes a nivel nacional, a trav\u00e9s de nuestros distribuidores comercializamos dichos productos contando con una gran variedad de dise\u00f1os.<\/span><\/p>\n<p class=\"ecxMsoNormal\" style=\"text-align: justify;\">La experiencia adquirida durante todo este tiempo nos convierte en un proveedor comprometido con el cliente para ofrecer calidad, con la garant\u00eda de satisfacci\u00f3n y servicio que nos caracteriza.<\/p>\n<p class=\"ecxMsoNormal\" style=\"text-align: justify;\">Hemos creado este sitio web para fortalecer nuestra venta directa al publico y ayudar a nuestros distribuidores a que conozcan nuestros nuevos lanzamientos.<\/p>\n<p class=\"ecxMsoNormal\" style=\"text-align: justify;\">Puedes visitar la fabrica de Lunes a Viernes de 10 am a 7 pm en Und\u00e9cima Cda de Sabino No. 7 Col. Atlampa. Delegaci\u00f3n Cuauht\u00e9moc. C.P. 06400<\/p>\n<\/div>\n<\/div>\n<div class=\"buttons\" style=\"text-align: justify;\"><\/div>\n","protected":false},"excerpt":{"rendered":"<p>LeoDy Mex es una empresa fundada hace poco m\u00e1s de 23 a\u00f1os siendo una de las empresas fabricantes de Montables&hellip;<\/p>\n","protected":false},"author":1,"featured_media":0,"parent":0,"menu_order":0,"comment_status":"closed","ping_status":"closed","template":"","meta":[],"yoast_head":"<!-- This site is optimized with the Yoast SEO plugin v19.3 - https:\/\/yoast.com\/wordpress\/plugins\/seo\/ -->\n<title>Empresa -<\/title>\n<meta name=\"robots\" content=\"index, follow, max-snippet:-1, max-image-preview:large, max-video-preview:-1\" \/>\n<link rel=\"canonical\" href=\"https:\/\/montables.com.mx\/blog\/empresa\/\" \/>\n<meta property=\"og:locale\" content=\"es_MX\" \/>\n<meta property=\"og:type\" content=\"article\" \/>\n<meta property=\"og:title\" content=\"Empresa -\" \/>\n<meta property=\"og:description\" content=\"LeoDy Mex es una empresa fundada hace poco m\u00e1s de 23 a\u00f1os siendo una de las empresas fabricantes de Montables&hellip;\" \/>\n<meta property=\"og:url\" content=\"https:\/\/montables.com.mx\/blog\/empresa\/\" \/>\n<meta property=\"article:publisher\" content=\"https:\/\/www.facebook.com\/montablesleodymex\/\" \/>\n<meta property=\"article:modified_time\" content=\"2017-08-04T16:51:00+00:00\" \/>\n<meta name=\"twitter:card\" content=\"summary_large_image\" \/>\n<meta name=\"twitter:site\" content=\"@LeodyMex\" \/>\n<meta name=\"twitter:label1\" content=\"Tiempo de lectura\" \/>\n\t<meta name=\"twitter:data1\" content=\"1 minuto\" \/>\n<script type=\"application\/ld+json\" class=\"yoast-schema-graph\">{\"@context\":\"https:\/\/schema.org\",\"@graph\":[{\"@type\":\"Organization\",\"@id\":\"http:\/\/montables.com.mx\/blog\/#organization\",\"name\":\"Leody Mex\",\"url\":\"http:\/\/montables.com.mx\/blog\/\",\"sameAs\":[\"https:\/\/www.pinterest.com.mx\/leodymex\/\",\"https:\/\/www.youtube.com\/c\/MontablesMxLeoDyMex\",\"https:\/\/www.facebook.com\/montablesleodymex\/\",\"https:\/\/twitter.com\/LeodyMex\"],\"logo\":{\"@type\":\"ImageObject\",\"inLanguage\":\"es-MX\",\"@id\":\"http:\/\/montables.com.mx\/blog\/#\/schema\/logo\/image\/\",\"url\":\"http:\/\/montables.com.mx\/blog\/wp-content\/uploads\/2017\/08\/123.png\",\"contentUrl\":\"http:\/\/montables.com.mx\/blog\/wp-content\/uploads\/2017\/08\/123.png\",\"width\":250,\"height\":100,\"caption\":\"Leody Mex\"},\"image\":{\"@id\":\"http:\/\/montables.com.mx\/blog\/#\/schema\/logo\/image\/\"}},{\"@type\":\"WebSite\",\"@id\":\"http:\/\/montables.com.mx\/blog\/#website\",\"url\":\"http:\/\/montables.com.mx\/blog\/\",\"name\":\"\",\"description\":\"\",\"publisher\":{\"@id\":\"http:\/\/montables.com.mx\/blog\/#organization\"},\"potentialAction\":[{\"@type\":\"SearchAction\",\"target\":{\"@type\":\"EntryPoint\",\"urlTemplate\":\"http:\/\/montables.com.mx\/blog\/?s={search_term_string}\"},\"query-input\":\"required name=search_term_string\"}],\"inLanguage\":\"es-MX\"},{\"@type\":\"WebPage\",\"@id\":\"https:\/\/montables.com.mx\/blog\/empresa\/\",\"url\":\"https:\/\/montables.com.mx\/blog\/empresa\/\",\"name\":\"Empresa -\",\"isPartOf\":{\"@id\":\"http:\/\/montables.com.mx\/blog\/#website\"},\"datePublished\":\"2017-08-04T16:47:26+00:00\",\"dateModified\":\"2017-08-04T16:51:00+00:00\",\"breadcrumb\":{\"@id\":\"https:\/\/montables.com.mx\/blog\/empresa\/#breadcrumb\"},\"inLanguage\":\"es-MX\",\"potentialAction\":[{\"@type\":\"ReadAction\",\"target\":[\"https:\/\/montables.com.mx\/blog\/empresa\/\"]}]},{\"@type\":\"BreadcrumbList\",\"@id\":\"https:\/\/montables.com.mx\/blog\/empresa\/#breadcrumb\",\"itemListElement\":[{\"@type\":\"ListItem\",\"position\":1,\"name\":\"Inicio\",\"item\":\"http:\/\/montables.com.mx\/blog\/\"},{\"@type\":\"ListItem\",\"position\":2,\"name\":\"Empresa\"}]}]}<\/script>\n<!-- \/ Yoast SEO plugin. -->","yoast_head_json":{"title":"Empresa -","robots":{"index":"index","follow":"follow","max-snippet":"max-snippet:-1","max-image-preview":"max-image-preview:large","max-video-preview":"max-video-preview:-1"},"canonical":"https:\/\/montables.com.mx\/blog\/empresa\/","og_locale":"es_MX","og_type":"article","og_title":"Empresa -","og_description":"LeoDy Mex es una empresa fundada hace poco m\u00e1s de 23 a\u00f1os siendo una de las empresas fabricantes de Montables&hellip;","og_url":"https:\/\/montables.com.mx\/blog\/empresa\/","article_publisher":"https:\/\/www.facebook.com\/montablesleodymex\/","article_modified_time":"2017-08-04T16:51:00+00:00","twitter_card":"summary_large_image","twitter_site":"@LeodyMex","twitter_misc":{"Tiempo de lectura":"1 minuto"},"schema":{"@context":"https:\/\/schema.org","@graph":[{"@type":"Organization","@id":"http:\/\/montables.com.mx\/blog\/#organization","name":"Leody Mex","url":"http:\/\/montables.com.mx\/blog\/","sameAs":["https:\/\/www.pinterest.com.mx\/leodymex\/","https:\/\/www.youtube.com\/c\/MontablesMxLeoDyMex","https:\/\/www.facebook.com\/montablesleodymex\/","https:\/\/twitter.com\/LeodyMex"],"logo":{"@type":"ImageObject","inLanguage":"es-MX","@id":"http:\/\/montables.com.mx\/blog\/#\/schema\/logo\/image\/","url":"http:\/\/montables.com.mx\/blog\/wp-content\/uploads\/2017\/08\/123.png","contentUrl":"http:\/\/montables.com.mx\/blog\/wp-content\/uploads\/2017\/08\/123.png","width":250,"height":100,"caption":"Leody Mex"},"image":{"@id":"http:\/\/montables.com.mx\/blog\/#\/schema\/logo\/image\/"}},{"@type":"WebSite","@id":"http:\/\/montables.com.mx\/blog\/#website","url":"http:\/\/montables.com.mx\/blog\/","name":"","description":"","publisher":{"@id":"http:\/\/montables.com.mx\/blog\/#organization"},"potentialAction":[{"@type":"SearchAction","target":{"@type":"EntryPoint","urlTemplate":"http:\/\/montables.com.mx\/blog\/?s={search_term_string}"},"query-input":"required name=search_term_string"}],"inLanguage":"es-MX"},{"@type":"WebPage","@id":"https:\/\/montables.com.mx\/blog\/empresa\/","url":"https:\/\/montables.com.mx\/blog\/empresa\/","name":"Empresa -","isPartOf":{"@id":"http:\/\/montables.com.mx\/blog\/#website"},"datePublished":"2017-08-04T16:47:26+00:00","dateModified":"2017-08-04T16:51:00+00:00","breadcrumb":{"@id":"https:\/\/montables.com.mx\/blog\/empresa\/#breadcrumb"},"inLanguage":"es-MX","potentialAction":[{"@type":"ReadAction","target":["https:\/\/montables.com.mx\/blog\/empresa\/"]}]},{"@type":"BreadcrumbList","@id":"https:\/\/montables.com.mx\/blog\/empresa\/#breadcrumb","itemListElement":[{"@type":"ListItem","position":1,"name":"Inicio","item":"http:\/\/montables.com.mx\/blog\/"},{"@type":"ListItem","position":2,"name":"Empresa"}]}]}},"_links":{"self":[{"href":"https:\/\/montables.com.mx\/blog\/wp-json\/wp\/v2\/pages\/16"}],"collection":[{"href":"https:\/\/montables.com.mx\/blog\/wp-json\/wp\/v2\/pages"}],"about":[{"href":"https:\/\/montables.com.mx\/blog\/wp-json\/wp\/v2\/types\/page"}],"author":[{"embeddable":true,"href":"https:\/\/montables.com.mx\/blog\/wp-json\/wp\/v2\/users\/1"}],"replies":[{"embeddable":true,"href":"https:\/\/montables.com.mx\/blog\/wp-json\/wp\/v2\/comments?post=16"}],"version-history":[{"count":3,"href":"https:\/\/montables.com.mx\/blog\/wp-json\/wp\/v2\/pages\/16\/revisions"}],"predecessor-version":[{"id":22,"href":"https:\/\/montables.com.mx\/blog\/wp-json\/wp\/v2\/pages\/16\/revisions\/22"}],"wp:attachment":[{"href":"https:\/\/montables.com.mx\/blog\/wp-json\/wp\/v2\/media?parent=16"}],"curies":[{"name":"wp","href":"https:\/\/api.w.org\/{rel}","templated":true}]}}